{"id":1265,"date":"2021-05-31T10:15:36","date_gmt":"2021-05-31T10:15:36","guid":{"rendered":"http:\/\/brever.lu\/our-service\/"},"modified":"2022-07-11T09:22:35","modified_gmt":"2022-07-11T07:22:35","slug":"our-service","status":"publish","type":"page","link":"https:\/\/brever.lu\/en\/our-service\/","title":{"rendered":"Our service"},"content":{"rendered":"\r\n<p>In addition to our made-to-order products, we offer various <strong>services<\/strong> and complementary <strong>further processing<\/strong> of the products to complete our range.<\/p>\r\n<p>We suggest several treatments to finish the wood: Planing, impregnation, drying and heat treatment.<\/p>\r\n<p>On request, we can also carry out the trimming of your timber and, thanks to our own fleet of lorries, organise the delivery of your goods.<br \/><br \/><\/p>\r\n","protected":false},"excerpt":{"rendered":"<p>In addition to our made-to-order products, we offer various services and complementary further processing of the products to complete our range. We suggest several treatments to finish the wood: Planing, impregnation, drying and heat treatment. On request, we can also carry out the trimming of your timber and, thanks to our own fleet of lorries, [&hellip;]<\/p>\n","protected":false},"author":1,"featured_media":0,"parent":0,"menu_order":5,"comment_status":"closed","ping_status":"closed","template":"page-services.php","meta":{"_acf_changed":false,"footnotes":""},"acf":[],"yoast_head":"<!-- This site is optimized with the Yoast SEO plugin v22.7 - https:\/\/yoast.com\/wordpress\/plugins\/seo\/ -->\n<title>Brever Bois - Additional services to the sawmill.<\/title>\n<meta name=\"description\" content=\"Wir bieten unseren Kunden zus\u00e4tzlich zur S\u00e4gere, weitere Dienste an wie Impr\u00e4gnierung, Behandlung in der Trockenkammer, Lieferservice\" \/>\n<meta name=\"robots\" content=\"index, follow, max-snippet:-1, max-image-preview:large, max-video-preview:-1\" \/>\n<link rel=\"canonical\" href=\"https:\/\/brever.lu\/en\/our-service\/\" \/>\n<meta property=\"og:locale\" content=\"en_US\" \/>\n<meta property=\"og:type\" content=\"article\" \/>\n<meta property=\"og:title\" content=\"Brever Bois - Additional services to the sawmill.\" \/>\n<meta property=\"og:description\" content=\"Wir bieten unseren Kunden zus\u00e4tzlich zur S\u00e4gere, weitere Dienste an wie Impr\u00e4gnierung, Behandlung in der Trockenkammer, Lieferservice\" \/>\n<meta property=\"og:url\" content=\"https:\/\/brever.lu\/en\/our-service\/\" \/>\n<meta property=\"og:site_name\" content=\"BOIS BREVER S.A.\" \/>\n<meta property=\"article:modified_time\" content=\"2022-07-11T07:22:35+00:00\" \/>\n<meta name=\"twitter:card\" content=\"summary_large_image\" \/>\n<script type=\"application\/ld+json\" class=\"yoast-schema-graph\">{\"@context\":\"https:\/\/schema.org\",\"@graph\":[{\"@type\":\"WebPage\",\"@id\":\"https:\/\/brever.lu\/en\/our-service\/\",\"url\":\"https:\/\/brever.lu\/en\/our-service\/\",\"name\":\"Brever Bois - Additional services to the sawmill.\",\"isPartOf\":{\"@id\":\"https:\/\/brever.lu\/#website\"},\"datePublished\":\"2021-05-31T10:15:36+00:00\",\"dateModified\":\"2022-07-11T07:22:35+00:00\",\"description\":\"Wir bieten unseren Kunden zus\u00e4tzlich zur S\u00e4gere, weitere Dienste an wie Impr\u00e4gnierung, Behandlung in der Trockenkammer, Lieferservice\",\"inLanguage\":\"en-US\",\"potentialAction\":[{\"@type\":\"ReadAction\",\"target\":[\"https:\/\/brever.lu\/en\/our-service\/\"]}]},{\"@type\":\"WebSite\",\"@id\":\"https:\/\/brever.lu\/#website\",\"url\":\"https:\/\/brever.lu\/\",\"name\":\"BOIS BREVER S.A.\",\"description\":\"Just another WordPress site\",\"potentialAction\":[{\"@type\":\"SearchAction\",\"target\":{\"@type\":\"EntryPoint\",\"urlTemplate\":\"https:\/\/brever.lu\/?s={search_term_string}\"},\"query-input\":\"required name=search_term_string\"}],\"inLanguage\":\"en-US\"}]}<\/script>\n<!-- \/ Yoast SEO plugin. -->","yoast_head_json":{"title":"Brever Bois - Additional services to the sawmill.","description":"Wir bieten unseren Kunden zus\u00e4tzlich zur S\u00e4gere, weitere Dienste an wie Impr\u00e4gnierung, Behandlung in der Trockenkammer, Lieferservice","robots":{"index":"index","follow":"follow","max-snippet":"max-snippet:-1","max-image-preview":"max-image-preview:large","max-video-preview":"max-video-preview:-1"},"canonical":"https:\/\/brever.lu\/en\/our-service\/","og_locale":"en_US","og_type":"article","og_title":"Brever Bois - Additional services to the sawmill.","og_description":"Wir bieten unseren Kunden zus\u00e4tzlich zur S\u00e4gere, weitere Dienste an wie Impr\u00e4gnierung, Behandlung in der Trockenkammer, Lieferservice","og_url":"https:\/\/brever.lu\/en\/our-service\/","og_site_name":"BOIS BREVER S.A.","article_modified_time":"2022-07-11T07:22:35+00:00","twitter_card":"summary_large_image","schema":{"@context":"https:\/\/schema.org","@graph":[{"@type":"WebPage","@id":"https:\/\/brever.lu\/en\/our-service\/","url":"https:\/\/brever.lu\/en\/our-service\/","name":"Brever Bois - Additional services to the sawmill.","isPartOf":{"@id":"https:\/\/brever.lu\/#website"},"datePublished":"2021-05-31T10:15:36+00:00","dateModified":"2022-07-11T07:22:35+00:00","description":"Wir bieten unseren Kunden zus\u00e4tzlich zur S\u00e4gere, weitere Dienste an wie Impr\u00e4gnierung, Behandlung in der Trockenkammer, Lieferservice","inLanguage":"en-US","potentialAction":[{"@type":"ReadAction","target":["https:\/\/brever.lu\/en\/our-service\/"]}]},{"@type":"WebSite","@id":"https:\/\/brever.lu\/#website","url":"https:\/\/brever.lu\/","name":"BOIS BREVER S.A.","description":"Just another WordPress site","potentialAction":[{"@type":"SearchAction","target":{"@type":"EntryPoint","urlTemplate":"https:\/\/brever.lu\/?s={search_term_string}"},"query-input":"required name=search_term_string"}],"inLanguage":"en-US"}]}},"_links":{"self":[{"href":"https:\/\/brever.lu\/en\/wp-json\/wp\/v2\/pages\/1265"}],"collection":[{"href":"https:\/\/brever.lu\/en\/wp-json\/wp\/v2\/pages"}],"about":[{"href":"https:\/\/brever.lu\/en\/wp-json\/wp\/v2\/types\/page"}],"author":[{"embeddable":true,"href":"https:\/\/brever.lu\/en\/wp-json\/wp\/v2\/users\/1"}],"replies":[{"embeddable":true,"href":"https:\/\/brever.lu\/en\/wp-json\/wp\/v2\/comments?post=1265"}],"version-history":[{"count":0,"href":"https:\/\/brever.lu\/en\/wp-json\/wp\/v2\/pages\/1265\/revisions"}],"wp:attachment":[{"href":"https:\/\/brever.lu\/en\/wp-json\/wp\/v2\/media?parent=1265"}],"curies":[{"name":"wp","href":"https:\/\/api.w.org\/{rel}","templated":true}]}}