{"id":1262,"date":"2021-05-31T10:15:34","date_gmt":"2021-05-31T10:15:34","guid":{"rendered":"http:\/\/brever.lu\/a-propos-de-nous\/"},"modified":"2026-01-22T10:25:53","modified_gmt":"2026-01-22T08:25:53","slug":"a-propos-de-nous","status":"publish","type":"page","link":"https:\/\/brever.lu\/fr\/a-propos-de-nous\/","title":{"rendered":"A propos"},"content":{"rendered":"\r\n<p>La scierie Bois Brever S.A. est une entreprise familiale situ\u00e9e dans le nord du Luxembourg et sp\u00e9cialis\u00e9e dans la production et la transformation de bois de construction et de produits rabot\u00e9s.<\/p>\r\n\r\n\r\n\r\n<p>L&rsquo;entreprise a \u00e9t\u00e9 cr\u00e9\u00e9e en 1947 et est actuellement dirig\u00e9e par la troisi\u00e8me g\u00e9n\u00e9ration de la famille.<\/p>\r\n","protected":false},"excerpt":{"rendered":"<p>La scierie Bois Brever S.A. est une entreprise familiale situ\u00e9e dans le nord du Luxembourg et sp\u00e9cialis\u00e9e dans la production et la transformation de bois de construction et de produits rabot\u00e9s. L&rsquo;entreprise a \u00e9t\u00e9 cr\u00e9\u00e9e en 1947 et est actuellement dirig\u00e9e par la troisi\u00e8me g\u00e9n\u00e9ration de la famille.<\/p>\n","protected":false},"author":1,"featured_media":0,"parent":0,"menu_order":22,"comment_status":"closed","ping_status":"closed","template":"page-about.php","meta":{"_acf_changed":false,"footnotes":""},"acf":[],"yoast_head":"<!-- This site is optimized with the Yoast SEO plugin v22.7 - https:\/\/yoast.com\/wordpress\/plugins\/seo\/ -->\n<title>Brever Bois - LA comp\u00e9tence dans le bois d&#039;\u00e9pic\u00e9a au Luxembourg<\/title>\n<meta name=\"description\" content=\"Nos collaborateurs et leur exp\u00e9rience \u00e0 votre service pour l&#039;achat de bois d&#039;\u00e9pic\u00e9a, le traitement par s\u00e9chage, impr\u00e9gration et livr\u00e9s sur chantier.\" \/>\n<meta name=\"robots\" content=\"index, follow, max-snippet:-1, max-image-preview:large, max-video-preview:-1\" \/>\n<link rel=\"canonical\" href=\"https:\/\/brever.lu\/fr\/a-propos-de-nous\/\" \/>\n<meta property=\"og:locale\" content=\"fr_FR\" \/>\n<meta property=\"og:type\" content=\"article\" \/>\n<meta property=\"og:title\" content=\"Brever Bois - LA comp\u00e9tence dans le bois d&#039;\u00e9pic\u00e9a au Luxembourg\" \/>\n<meta property=\"og:description\" content=\"Nos collaborateurs et leur exp\u00e9rience \u00e0 votre service pour l&#039;achat de bois d&#039;\u00e9pic\u00e9a, le traitement par s\u00e9chage, impr\u00e9gration et livr\u00e9s sur chantier.\" \/>\n<meta property=\"og:url\" content=\"https:\/\/brever.lu\/fr\/a-propos-de-nous\/\" \/>\n<meta property=\"og:site_name\" content=\"BOIS BREVER S.A.\" \/>\n<meta property=\"article:modified_time\" content=\"2026-01-22T08:25:53+00:00\" \/>\n<meta name=\"twitter:card\" content=\"summary_large_image\" \/>\n<meta name=\"twitter:label1\" content=\"Dur\u00e9e de lecture estim\u00e9e\" \/>\n\t<meta name=\"twitter:data1\" content=\"1 minute\" \/>\n<script type=\"application\/ld+json\" class=\"yoast-schema-graph\">{\"@context\":\"https:\/\/schema.org\",\"@graph\":[{\"@type\":\"WebPage\",\"@id\":\"https:\/\/brever.lu\/fr\/a-propos-de-nous\/\",\"url\":\"https:\/\/brever.lu\/fr\/a-propos-de-nous\/\",\"name\":\"Brever Bois - LA comp\u00e9tence dans le bois d'\u00e9pic\u00e9a au Luxembourg\",\"isPartOf\":{\"@id\":\"https:\/\/brever.lu\/#website\"},\"datePublished\":\"2021-05-31T10:15:34+00:00\",\"dateModified\":\"2026-01-22T08:25:53+00:00\",\"description\":\"Nos collaborateurs et leur exp\u00e9rience \u00e0 votre service pour l'achat de bois d'\u00e9pic\u00e9a, le traitement par s\u00e9chage, impr\u00e9gration et livr\u00e9s sur chantier.\",\"inLanguage\":\"fr-FR\",\"potentialAction\":[{\"@type\":\"ReadAction\",\"target\":[\"https:\/\/brever.lu\/fr\/a-propos-de-nous\/\"]}]},{\"@type\":\"WebSite\",\"@id\":\"https:\/\/brever.lu\/#website\",\"url\":\"https:\/\/brever.lu\/\",\"name\":\"BOIS BREVER S.A.\",\"description\":\"Just another WordPress site\",\"potentialAction\":[{\"@type\":\"SearchAction\",\"target\":{\"@type\":\"EntryPoint\",\"urlTemplate\":\"https:\/\/brever.lu\/?s={search_term_string}\"},\"query-input\":\"required name=search_term_string\"}],\"inLanguage\":\"fr-FR\"}]}<\/script>\n<!-- \/ Yoast SEO plugin. -->","yoast_head_json":{"title":"Brever Bois - LA comp\u00e9tence dans le bois d'\u00e9pic\u00e9a au Luxembourg","description":"Nos collaborateurs et leur exp\u00e9rience \u00e0 votre service pour l'achat de bois d'\u00e9pic\u00e9a, le traitement par s\u00e9chage, impr\u00e9gration et livr\u00e9s sur chantier.","robots":{"index":"index","follow":"follow","max-snippet":"max-snippet:-1","max-image-preview":"max-image-preview:large","max-video-preview":"max-video-preview:-1"},"canonical":"https:\/\/brever.lu\/fr\/a-propos-de-nous\/","og_locale":"fr_FR","og_type":"article","og_title":"Brever Bois - LA comp\u00e9tence dans le bois d'\u00e9pic\u00e9a au Luxembourg","og_description":"Nos collaborateurs et leur exp\u00e9rience \u00e0 votre service pour l'achat de bois d'\u00e9pic\u00e9a, le traitement par s\u00e9chage, impr\u00e9gration et livr\u00e9s sur chantier.","og_url":"https:\/\/brever.lu\/fr\/a-propos-de-nous\/","og_site_name":"BOIS BREVER S.A.","article_modified_time":"2026-01-22T08:25:53+00:00","twitter_card":"summary_large_image","twitter_misc":{"Dur\u00e9e de lecture estim\u00e9e":"1 minute"},"schema":{"@context":"https:\/\/schema.org","@graph":[{"@type":"WebPage","@id":"https:\/\/brever.lu\/fr\/a-propos-de-nous\/","url":"https:\/\/brever.lu\/fr\/a-propos-de-nous\/","name":"Brever Bois - LA comp\u00e9tence dans le bois d'\u00e9pic\u00e9a au Luxembourg","isPartOf":{"@id":"https:\/\/brever.lu\/#website"},"datePublished":"2021-05-31T10:15:34+00:00","dateModified":"2026-01-22T08:25:53+00:00","description":"Nos collaborateurs et leur exp\u00e9rience \u00e0 votre service pour l'achat de bois d'\u00e9pic\u00e9a, le traitement par s\u00e9chage, impr\u00e9gration et livr\u00e9s sur chantier.","inLanguage":"fr-FR","potentialAction":[{"@type":"ReadAction","target":["https:\/\/brever.lu\/fr\/a-propos-de-nous\/"]}]},{"@type":"WebSite","@id":"https:\/\/brever.lu\/#website","url":"https:\/\/brever.lu\/","name":"BOIS BREVER S.A.","description":"Just another WordPress site","potentialAction":[{"@type":"SearchAction","target":{"@type":"EntryPoint","urlTemplate":"https:\/\/brever.lu\/?s={search_term_string}"},"query-input":"required name=search_term_string"}],"inLanguage":"fr-FR"}]}},"_links":{"self":[{"href":"https:\/\/brever.lu\/fr\/wp-json\/wp\/v2\/pages\/1262"}],"collection":[{"href":"https:\/\/brever.lu\/fr\/wp-json\/wp\/v2\/pages"}],"about":[{"href":"https:\/\/brever.lu\/fr\/wp-json\/wp\/v2\/types\/page"}],"author":[{"embeddable":true,"href":"https:\/\/brever.lu\/fr\/wp-json\/wp\/v2\/users\/1"}],"replies":[{"embeddable":true,"href":"https:\/\/brever.lu\/fr\/wp-json\/wp\/v2\/comments?post=1262"}],"version-history":[{"count":0,"href":"https:\/\/brever.lu\/fr\/wp-json\/wp\/v2\/pages\/1262\/revisions"}],"wp:attachment":[{"href":"https:\/\/brever.lu\/fr\/wp-json\/wp\/v2\/media?parent=1262"}],"curies":[{"name":"wp","href":"https:\/\/api.w.org\/{rel}","templated":true}]}}