{"id":1270,"date":"2021-05-31T10:15:37","date_gmt":"2021-05-31T10:15:37","guid":{"rendered":"http:\/\/brever.lu\/nos-produits\/"},"modified":"2022-06-20T14:23:03","modified_gmt":"2022-06-20T12:23:03","slug":"nos-produits","status":"publish","type":"page","link":"https:\/\/brever.lu\/fr\/nos-produits\/","title":{"rendered":"Nos produits"},"content":{"rendered":"\r\n<p>Notre savoir-faire ainsi que notre exp\u00e9rience nous permettent de r\u00e9aliser une fabrication sur commande comp\u00e9tente. Pour les dimensions des produits, qu&rsquo;elles soient standards ou sp\u00e9ciales, tout est r\u00e9alis\u00e9 par des professionnels.<\/p>\r\n\r\n\r\n\r\n<p>Nos produits principaux\u00a0:<\/p>\r\n\r\n\r\n\r\n<p>Bois de construction, bois pour toiture, produits rabot\u00e9s, bois massif about\u00e9 (KVH) + poutres en lamell\u00e9-coll\u00e9.<\/p>\r\n","protected":false},"excerpt":{"rendered":"<p>Notre savoir-faire ainsi que notre exp\u00e9rience nous permettent de r\u00e9aliser une fabrication sur commande comp\u00e9tente. Pour les dimensions des produits, qu&rsquo;elles soient standards ou sp\u00e9ciales, tout est r\u00e9alis\u00e9 par des professionnels. Nos produits principaux\u00a0: Bois de construction, bois pour toiture, produits rabot\u00e9s, bois massif about\u00e9 (KVH) + poutres en lamell\u00e9-coll\u00e9.<\/p>\n","protected":false},"author":1,"featured_media":0,"parent":0,"menu_order":25,"comment_status":"closed","ping_status":"closed","template":"page-woods.php","meta":{"_acf_changed":false,"footnotes":""},"acf":[],"yoast_head":"<!-- This site is optimized with the Yoast SEO plugin v22.7 - https:\/\/yoast.com\/wordpress\/plugins\/seo\/ -->\n<title>Bois Brever S.A. - Sciage et traitement du bois d&#039;\u00e9pic\u00e9a au Luxembourg<\/title>\n<meta name=\"description\" content=\"Nos bois de qualit\u00e9 sup\u00e9rieure sci\u00e9s pour la construction, rabot\u00e9s, massifs ou lamell\u00e9-coll\u00e9 de grande qualit\u00e9, s\u00e9ch\u00e9s, impr\u00e9gn\u00e9s\" \/>\n<meta name=\"robots\" content=\"index, follow, max-snippet:-1, max-image-preview:large, max-video-preview:-1\" \/>\n<link rel=\"canonical\" href=\"https:\/\/brever.lu\/fr\/nos-produits\/\" \/>\n<meta property=\"og:locale\" content=\"fr_FR\" \/>\n<meta property=\"og:type\" content=\"article\" \/>\n<meta property=\"og:title\" content=\"Bois Brever S.A. - Sciage et traitement du bois d&#039;\u00e9pic\u00e9a au Luxembourg\" \/>\n<meta property=\"og:description\" content=\"Nos bois de qualit\u00e9 sup\u00e9rieure sci\u00e9s pour la construction, rabot\u00e9s, massifs ou lamell\u00e9-coll\u00e9 de grande qualit\u00e9, s\u00e9ch\u00e9s, impr\u00e9gn\u00e9s\" \/>\n<meta property=\"og:url\" content=\"https:\/\/brever.lu\/fr\/nos-produits\/\" \/>\n<meta property=\"og:site_name\" content=\"BOIS BREVER S.A.\" \/>\n<meta property=\"article:modified_time\" content=\"2022-06-20T12:23:03+00:00\" \/>\n<meta name=\"twitter:card\" content=\"summary_large_image\" \/>\n<script type=\"application\/ld+json\" class=\"yoast-schema-graph\">{\"@context\":\"https:\/\/schema.org\",\"@graph\":[{\"@type\":\"WebPage\",\"@id\":\"https:\/\/brever.lu\/fr\/nos-produits\/\",\"url\":\"https:\/\/brever.lu\/fr\/nos-produits\/\",\"name\":\"Bois Brever S.A. - Sciage et traitement du bois d'\u00e9pic\u00e9a au Luxembourg\",\"isPartOf\":{\"@id\":\"https:\/\/brever.lu\/#website\"},\"datePublished\":\"2021-05-31T10:15:37+00:00\",\"dateModified\":\"2022-06-20T12:23:03+00:00\",\"description\":\"Nos bois de qualit\u00e9 sup\u00e9rieure sci\u00e9s pour la construction, rabot\u00e9s, massifs ou lamell\u00e9-coll\u00e9 de grande qualit\u00e9, s\u00e9ch\u00e9s, impr\u00e9gn\u00e9s\",\"inLanguage\":\"fr-FR\",\"potentialAction\":[{\"@type\":\"ReadAction\",\"target\":[\"https:\/\/brever.lu\/fr\/nos-produits\/\"]}]},{\"@type\":\"WebSite\",\"@id\":\"https:\/\/brever.lu\/#website\",\"url\":\"https:\/\/brever.lu\/\",\"name\":\"BOIS BREVER S.A.\",\"description\":\"Just another WordPress site\",\"potentialAction\":[{\"@type\":\"SearchAction\",\"target\":{\"@type\":\"EntryPoint\",\"urlTemplate\":\"https:\/\/brever.lu\/?s={search_term_string}\"},\"query-input\":\"required name=search_term_string\"}],\"inLanguage\":\"fr-FR\"}]}<\/script>\n<!-- \/ Yoast SEO plugin. -->","yoast_head_json":{"title":"Bois Brever S.A. - Sciage et traitement du bois d'\u00e9pic\u00e9a au Luxembourg","description":"Nos bois de qualit\u00e9 sup\u00e9rieure sci\u00e9s pour la construction, rabot\u00e9s, massifs ou lamell\u00e9-coll\u00e9 de grande qualit\u00e9, s\u00e9ch\u00e9s, impr\u00e9gn\u00e9s","robots":{"index":"index","follow":"follow","max-snippet":"max-snippet:-1","max-image-preview":"max-image-preview:large","max-video-preview":"max-video-preview:-1"},"canonical":"https:\/\/brever.lu\/fr\/nos-produits\/","og_locale":"fr_FR","og_type":"article","og_title":"Bois Brever S.A. - Sciage et traitement du bois d'\u00e9pic\u00e9a au Luxembourg","og_description":"Nos bois de qualit\u00e9 sup\u00e9rieure sci\u00e9s pour la construction, rabot\u00e9s, massifs ou lamell\u00e9-coll\u00e9 de grande qualit\u00e9, s\u00e9ch\u00e9s, impr\u00e9gn\u00e9s","og_url":"https:\/\/brever.lu\/fr\/nos-produits\/","og_site_name":"BOIS BREVER S.A.","article_modified_time":"2022-06-20T12:23:03+00:00","twitter_card":"summary_large_image","schema":{"@context":"https:\/\/schema.org","@graph":[{"@type":"WebPage","@id":"https:\/\/brever.lu\/fr\/nos-produits\/","url":"https:\/\/brever.lu\/fr\/nos-produits\/","name":"Bois Brever S.A. - Sciage et traitement du bois d'\u00e9pic\u00e9a au Luxembourg","isPartOf":{"@id":"https:\/\/brever.lu\/#website"},"datePublished":"2021-05-31T10:15:37+00:00","dateModified":"2022-06-20T12:23:03+00:00","description":"Nos bois de qualit\u00e9 sup\u00e9rieure sci\u00e9s pour la construction, rabot\u00e9s, massifs ou lamell\u00e9-coll\u00e9 de grande qualit\u00e9, s\u00e9ch\u00e9s, impr\u00e9gn\u00e9s","inLanguage":"fr-FR","potentialAction":[{"@type":"ReadAction","target":["https:\/\/brever.lu\/fr\/nos-produits\/"]}]},{"@type":"WebSite","@id":"https:\/\/brever.lu\/#website","url":"https:\/\/brever.lu\/","name":"BOIS BREVER S.A.","description":"Just another WordPress site","potentialAction":[{"@type":"SearchAction","target":{"@type":"EntryPoint","urlTemplate":"https:\/\/brever.lu\/?s={search_term_string}"},"query-input":"required name=search_term_string"}],"inLanguage":"fr-FR"}]}},"_links":{"self":[{"href":"https:\/\/brever.lu\/fr\/wp-json\/wp\/v2\/pages\/1270"}],"collection":[{"href":"https:\/\/brever.lu\/fr\/wp-json\/wp\/v2\/pages"}],"about":[{"href":"https:\/\/brever.lu\/fr\/wp-json\/wp\/v2\/types\/page"}],"author":[{"embeddable":true,"href":"https:\/\/brever.lu\/fr\/wp-json\/wp\/v2\/users\/1"}],"replies":[{"embeddable":true,"href":"https:\/\/brever.lu\/fr\/wp-json\/wp\/v2\/comments?post=1270"}],"version-history":[{"count":0,"href":"https:\/\/brever.lu\/fr\/wp-json\/wp\/v2\/pages\/1270\/revisions"}],"wp:attachment":[{"href":"https:\/\/brever.lu\/fr\/wp-json\/wp\/v2\/media?parent=1270"}],"curies":[{"name":"wp","href":"https:\/\/api.w.org\/{rel}","templated":true}]}}