{"id":1276,"date":"2021-05-31T10:15:39","date_gmt":"2021-05-31T10:15:39","guid":{"rendered":"http:\/\/brever.lu\/contact\/"},"modified":"2021-06-24T10:01:58","modified_gmt":"2021-06-24T10:01:58","slug":"contact","status":"publish","type":"page","link":"https:\/\/brever.lu\/fr\/contact\/","title":{"rendered":"Contact"},"content":{"rendered":"<p><strong>Comment pouvons-nous vous aider\u00a0?<br \/>\n<\/strong><\/p>\n<p>Notre \u00e9quipe se fera un plaisir de r\u00e9pondre \u00e0 toutes vos questions concernant nos diff\u00e9rents produits de bois de construction et nos services de transformation du bois.<br \/>\nContactez-nous.<\/p>\n<p>Pour toute information concernant la statique et la stabilit\u00e9 du bois requis pour votre charpente de toit ou toute autre construction en bois, veuillez contacter un bureau d&rsquo;\u00e9tudes professionnel.<\/p>\n","protected":false},"excerpt":{"rendered":"<p>Comment pouvons-nous vous aider\u00a0? Notre \u00e9quipe se fera un plaisir de r\u00e9pondre \u00e0 toutes vos questions concernant nos diff\u00e9rents produits de bois de construction et nos services de transformation du bois. Contactez-nous. Pour toute information concernant la statique et la stabilit\u00e9 du bois requis pour votre charpente de toit ou toute autre construction en bois, [&hellip;]<\/p>\n","protected":false},"author":1,"featured_media":0,"parent":0,"menu_order":27,"comment_status":"closed","ping_status":"closed","template":"page-contact.php","meta":{"_acf_changed":false,"footnotes":""},"acf":[],"yoast_head":"<!-- This site is optimized with the Yoast SEO plugin v22.7 - https:\/\/yoast.com\/wordpress\/plugins\/seo\/ -->\n<title>Brever Bois - Contactez-nous pour le sciage et le traitement de bois.<\/title>\n<meta name=\"description\" content=\"Le lamell\u00e9-coll\u00e9 de grande envergure, le bois de construction ou nos produits secondaires vous int\u00e9ressent ? Contactez-nous.\" \/>\n<meta name=\"robots\" content=\"index, follow, max-snippet:-1, max-image-preview:large, max-video-preview:-1\" \/>\n<link rel=\"canonical\" href=\"https:\/\/brever.lu\/fr\/contact\/\" \/>\n<meta property=\"og:locale\" content=\"fr_FR\" \/>\n<meta property=\"og:type\" content=\"article\" \/>\n<meta property=\"og:title\" content=\"Brever Bois - Contactez-nous pour le sciage et le traitement de bois.\" \/>\n<meta property=\"og:description\" content=\"Le lamell\u00e9-coll\u00e9 de grande envergure, le bois de construction ou nos produits secondaires vous int\u00e9ressent ? Contactez-nous.\" \/>\n<meta property=\"og:url\" content=\"https:\/\/brever.lu\/fr\/contact\/\" \/>\n<meta property=\"og:site_name\" content=\"BOIS BREVER S.A.\" \/>\n<meta property=\"article:modified_time\" content=\"2021-06-24T10:01:58+00:00\" \/>\n<meta name=\"twitter:card\" content=\"summary_large_image\" \/>\n<script type=\"application\/ld+json\" class=\"yoast-schema-graph\">{\"@context\":\"https:\/\/schema.org\",\"@graph\":[{\"@type\":\"WebPage\",\"@id\":\"https:\/\/brever.lu\/fr\/contact\/\",\"url\":\"https:\/\/brever.lu\/fr\/contact\/\",\"name\":\"Brever Bois - Contactez-nous pour le sciage et le traitement de bois.\",\"isPartOf\":{\"@id\":\"https:\/\/brever.lu\/#website\"},\"datePublished\":\"2021-05-31T10:15:39+00:00\",\"dateModified\":\"2021-06-24T10:01:58+00:00\",\"description\":\"Le lamell\u00e9-coll\u00e9 de grande envergure, le bois de construction ou nos produits secondaires vous int\u00e9ressent ? Contactez-nous.\",\"inLanguage\":\"fr-FR\",\"potentialAction\":[{\"@type\":\"ReadAction\",\"target\":[\"https:\/\/brever.lu\/fr\/contact\/\"]}]},{\"@type\":\"WebSite\",\"@id\":\"https:\/\/brever.lu\/#website\",\"url\":\"https:\/\/brever.lu\/\",\"name\":\"BOIS BREVER S.A.\",\"description\":\"Just another WordPress site\",\"potentialAction\":[{\"@type\":\"SearchAction\",\"target\":{\"@type\":\"EntryPoint\",\"urlTemplate\":\"https:\/\/brever.lu\/?s={search_term_string}\"},\"query-input\":\"required name=search_term_string\"}],\"inLanguage\":\"fr-FR\"}]}<\/script>\n<!-- \/ Yoast SEO plugin. -->","yoast_head_json":{"title":"Brever Bois - Contactez-nous pour le sciage et le traitement de bois.","description":"Le lamell\u00e9-coll\u00e9 de grande envergure, le bois de construction ou nos produits secondaires vous int\u00e9ressent ? Contactez-nous.","robots":{"index":"index","follow":"follow","max-snippet":"max-snippet:-1","max-image-preview":"max-image-preview:large","max-video-preview":"max-video-preview:-1"},"canonical":"https:\/\/brever.lu\/fr\/contact\/","og_locale":"fr_FR","og_type":"article","og_title":"Brever Bois - Contactez-nous pour le sciage et le traitement de bois.","og_description":"Le lamell\u00e9-coll\u00e9 de grande envergure, le bois de construction ou nos produits secondaires vous int\u00e9ressent ? Contactez-nous.","og_url":"https:\/\/brever.lu\/fr\/contact\/","og_site_name":"BOIS BREVER S.A.","article_modified_time":"2021-06-24T10:01:58+00:00","twitter_card":"summary_large_image","schema":{"@context":"https:\/\/schema.org","@graph":[{"@type":"WebPage","@id":"https:\/\/brever.lu\/fr\/contact\/","url":"https:\/\/brever.lu\/fr\/contact\/","name":"Brever Bois - Contactez-nous pour le sciage et le traitement de bois.","isPartOf":{"@id":"https:\/\/brever.lu\/#website"},"datePublished":"2021-05-31T10:15:39+00:00","dateModified":"2021-06-24T10:01:58+00:00","description":"Le lamell\u00e9-coll\u00e9 de grande envergure, le bois de construction ou nos produits secondaires vous int\u00e9ressent ? Contactez-nous.","inLanguage":"fr-FR","potentialAction":[{"@type":"ReadAction","target":["https:\/\/brever.lu\/fr\/contact\/"]}]},{"@type":"WebSite","@id":"https:\/\/brever.lu\/#website","url":"https:\/\/brever.lu\/","name":"BOIS BREVER S.A.","description":"Just another WordPress site","potentialAction":[{"@type":"SearchAction","target":{"@type":"EntryPoint","urlTemplate":"https:\/\/brever.lu\/?s={search_term_string}"},"query-input":"required name=search_term_string"}],"inLanguage":"fr-FR"}]}},"_links":{"self":[{"href":"https:\/\/brever.lu\/fr\/wp-json\/wp\/v2\/pages\/1276"}],"collection":[{"href":"https:\/\/brever.lu\/fr\/wp-json\/wp\/v2\/pages"}],"about":[{"href":"https:\/\/brever.lu\/fr\/wp-json\/wp\/v2\/types\/page"}],"author":[{"embeddable":true,"href":"https:\/\/brever.lu\/fr\/wp-json\/wp\/v2\/users\/1"}],"replies":[{"embeddable":true,"href":"https:\/\/brever.lu\/fr\/wp-json\/wp\/v2\/comments?post=1276"}],"version-history":[{"count":0,"href":"https:\/\/brever.lu\/fr\/wp-json\/wp\/v2\/pages\/1276\/revisions"}],"wp:attachment":[{"href":"https:\/\/brever.lu\/fr\/wp-json\/wp\/v2\/media?parent=1276"}],"curies":[{"name":"wp","href":"https:\/\/api.w.org\/{rel}","templated":true}]}}