{"id":1278,"date":"2021-05-31T10:15:40","date_gmt":"2021-05-31T10:15:40","guid":{"rendered":"http:\/\/brever.lu\/conditions-generales-de-vente\/"},"modified":"2021-06-02T07:11:06","modified_gmt":"2021-06-02T07:11:06","slug":"conditions-general-de-vente","status":"publish","type":"page","link":"https:\/\/brever.lu\/fr\/conditions-general-de-vente\/","title":{"rendered":"Conditions g\u00e9n\u00e9rales de vente"},"content":{"rendered":"<h3>1. Acceptation des conditions g\u00e9n\u00e9rales de vente<\/h3>\n<p>Ces conditions r\u00e9gissent tout contrat de vente, conclu entre BOIS BREVER et ses clients, ainsi que toute offre de prix de la part de BOIS BREVER, sauf d\u00e9rogation expresse par \u00e9crit. Les catalogues, prospectus et r\u00e9clames publicitaires de BOIS BREVER sont indicatifs et n&rsquo;engagent pas l&rsquo;entreprise, celle-ci se r\u00e9servant le droit de les modifier \u00e0 tout moment. L&rsquo;application des conditions (g\u00e9n\u00e9rales) du client est exclue, m\u00eame dans le cas o\u00f9 elles auraient \u00e9t\u00e9 communiqu\u00e9es ult\u00e9rieurement.<\/p>\n<h3>2. Acceptation des offres et commandes<\/h3>\n<p>Les offres et commandes ne lient BOIS BREVER qu&rsquo;apr\u00e8s acceptation par un pr\u00e9pos\u00e9 habilit\u00e9 \u00e0 engager BOIS BREVER.<\/p>\n<h3>3. D\u00e9lai de livraison<\/h3>\n<p>Tout d\u00e9lai de livraison est communiqu\u00e9 \u00e0 titre indicatif exclusivement et n&rsquo;a pas de force obligatoire, sauf convention expresse entre les parties. Les retards \u00e9ventuels dans la livraison ne donnent lieu \u00e0 aucune indemnisation, compensation ni r\u00e9siliation du contrat.<\/p>\n<h3>4. Marchandise \u00e0 livrer<\/h3>\n<p>En ce qui concerne la qualit\u00e9 du produit \u00e0 livrer, la seule obligation pour BOIS BREVER consiste \u00e0 livrer un produit de qualit\u00e9, dont celle-ci aura \u00e9t\u00e9 convenue au pr\u00e9alable. BOIS BREVER ne donne par cons\u00e9quent aucune garantie en ce qui concerne les possibilit\u00e9s de vente, ni en ce qui concerne l&rsquo;utilit\u00e9 pour certaines applications. Pour autant que la qualit\u00e9 du produit \u00e0 livrer n&rsquo;ait pas \u00e9t\u00e9 sp\u00e9cifi\u00e9e, BOIS BREVER a le droit de livrer un produit dont la qualit\u00e9, au moment de la livraison, correspond \u00e0 la qualit\u00e9 de production de l&rsquo;installation de production. La sp\u00e9cification des \u00e9chantillons du produit mis \u00e0 disposition du client, ne sera consid\u00e9r\u00e9e comme sp\u00e9cification \u00e0 livrer que si cette sp\u00e9cification a \u00e9t\u00e9 explicitement indiqu\u00e9e comme la sp\u00e9cification \u00e0 livrer.<\/p>\n<h3>5. Prix<\/h3>\n<p>La livraison a lieu au prix convenu entre BOIS BREVER et le client.<\/p>\n<h3>6. Paiements<\/h3>\n<p>Le paiement doit avoir lieu end\u00e9ans les 30 jours qui suivent la date d\u2019\u00e9mission de la facture, sans compensation ou d\u00e9duction de ristourne, d\u2019escompte ou de remise. En cas de non-paiement ou de paiement tardif, toute somme impay\u00e9e \u00e0 son \u00e9ch\u00e9ance, produira de plein droit et sans mise en demeure pr\u00e9alable un int\u00e9r\u00eat de retard au taux pr\u00e9vu par les articles 3 et 5 de la loi du 18\/04\/2004 relative aux d\u00e9lais de paiement et aux int\u00e9r\u00eats de retard. En application des articles pr\u00e9cit\u00e9s, les cr\u00e9ances des transactions commerciales produisent des int\u00e9r\u00eats de retard exigibles de plein droit le jour suivant la date de paiement ou la fin du d\u00e9lai de paiement fix\u00e9es dans le contrat au taux directeur de la Banque centrale europ\u00e9enne major\u00e9 de la marge, tel que publi\u00e9 au d\u00e9but de chaque semestre au M\u00e9morial B. Pour les ventes aux particuliers, des int\u00e9r\u00eats de retard de 10% l\u2019an seront dus de plein droit et sans mise en demeure pr\u00e9alable sur toute somme impay\u00e9e \u00e0 son \u00e9ch\u00e9ance. En cas de paiement tardif d&rsquo;une ou plusieurs factures, les autres factures, m\u00eame si le d\u00e9lai de paiement n&rsquo;est pas encore venu \u00e0 \u00e9ch\u00e9ance, deviendront directement exigibles et, par ailleurs, BOIS BREVER a le droit d&rsquo;exiger pour la livraison suivante le paiement comptant \u00e0 la livraison, m\u00eame s&rsquo;il en a \u00e9t\u00e9 convenu autrement.<br \/>\nLes paiements seront imput\u00e9s sur la ou les factures d\u00e9sign\u00e9es par le client dans son ordre de paiement, pour autant que le paiement apure int\u00e9gralement ces factures. Si l&rsquo;ordre de paiement du client ne pr\u00e9cise pas la facture \u00e0 laquelle il se rapporte, le paiement sera imput\u00e9 sur la facture impay\u00e9e la plus ancienne.<br \/>\nEn cas de non-respect du d\u00e9lai de paiement convenu, le vendeur est autoris\u00e9 entre autres, \u00e0 suspendre imm\u00e9diatement les livraisons.<\/p>\n<h3>7. Clause p\u00e9nale<\/h3>\n<p>En cas de non-paiement ou de paiement tardif d\u2019une facture \u00e0 son \u00e9ch\u00e9ance, une clause p\u00e9nale de 20% du prix de vente sera due de plein droit et sans mise en demeure pr\u00e9alable avec un minimum de 50 \u20ac.<br \/>\nUn acompte pay\u00e9 n\u2019est pas sujet \u00e0 restitution et reste acquis \u00e0 titre de clause p\u00e9nale m\u00eame s\u2019il est sup\u00e9rieur \u00e0 20% du prix de vente.<\/p>\n<h3>8. Acquit sur la facture<\/h3>\n<p>En cas de paiement comptant entre les mains du livreur, la facture sera r\u00e9put\u00e9e acquitt\u00e9e par la signature de celui-ci, uniquement sur le montant inscrit par lui en toutes lettres sur l&rsquo;original et par duplicata sur le double de la facture sign\u00e9e pour r\u00e9ception par le client et restant en possession de BOIS BREVER. Le r\u00e8glement par ch\u00e8que n\u2019est pas admis.<\/p>\n<h3>9. Livraison, r\u00e9ception, et prise de livraison de la marchandise<\/h3>\n<p>Toute livraison a lieu \u00e0 l&rsquo;endroit convenu entre BOIS BREVER et le client. L\u2019envoi et le transport de la marchandise ont lieu aux risques et sous la responsabilit\u00e9 de l\u2019acheteur et\/ou du destinataire. BOIS BREVER est d\u00e9gag\u00e9 de toute responsabilit\u00e9 \u00e0 partir du chargement. Des bois qui seraient la propri\u00e9t\u00e9 du client et qui seraient entrepos\u00e9s chez BOIS BREVER, que ce soit en vue d\u2019\u00eatre sci\u00e9s ou fa\u00e7onn\u00e9s ne sont pas assur\u00e9s et s\u2019y trouvent aux risques et sous la responsabilit\u00e9 des propri\u00e9taires. Lors d\u2019un achat convenu au prix sp\u00e9cial de la prise de livraison en nos d\u00e9p\u00f4ts, plus aucune r\u00e9clamation n\u2019est accept\u00e9e apr\u00e8s la prise de livraison. Le chargement \u00e9quivaut \u00e0 l\u2019acceptation de la marchandise. La prise de livraison des marchandises doit avoir lieu end\u00e9ans les 3 semaines \u00e0 partir de l\u2019information envoy\u00e9e \u00e0 l\u2019acqu\u00e9reur que la marchandise est \u00e0 sa disposition. Si ce d\u00e9lai est d\u00e9pass\u00e9, la facture est automatiquement \u00e9tablie. BOIS BREVER se r\u00e9serve le droit de mettre en compte au client des frais de stockage \u00e0 5 \u20ac\/ m3 en cas de refus ou de la tardivit\u00e9 de la prise de livraison de la marchandise \u00e0 partir du jour o\u00f9 la pr\u00e9dite information a \u00e9t\u00e9 adress\u00e9e au client.<br \/>\nDes livraisons partielles sont autoris\u00e9es, chaque livraison partielle constituant un march\u00e9 s\u00e9par\u00e9.<br \/>\nLors de la livraison, le client a l&rsquo;obligation de v\u00e9rifier la quantit\u00e9 et la qualit\u00e9 de la marchandise. Toute r\u00e9clamation (perte totale ou partielle, d\u00e9ficience de quantit\u00e9 ou de qualit\u00e9 etc.) doit \u00eatre faite lors de la r\u00e9ception au personnel livreur et mention doit \u00eatre faite sur le document que le client signe pour d\u00e9charge. L&rsquo;absence de protestation ou de r\u00e9serve de l&rsquo;acheteur vaudra accord sur la quantit\u00e9 et la qualit\u00e9 de la marchandise re\u00e7ue. En tout \u00e9tat de cause, aucune r\u00e9clamation ne pourra \u00eatre admise, si elle n&rsquo;est faite par lettre recommand\u00e9e dans les 5 jours de la livraison, ou, dans le cas d&rsquo;un vice cach\u00e9, dans les 7 jours apr\u00e8s sa d\u00e9couverte.<\/p>\n<h3>10. Causes d&#8217;emp\u00eachement &#8211; Force majeure<\/h3>\n<p>BOIS BREVER ne pourra \u00eatre tenue de livrer au cas o\u00f9 l&rsquo;ex\u00e9cution du march\u00e9 serait emp\u00each\u00e9e ou retard\u00e9e, totalement ou partiellement, par la survenance, soit chez elle, soit chez un de ses fournisseurs habituels, d&rsquo;un \u00e9v\u00e9nement fortuit d&rsquo;un cas de force majeure ou de toute autre cause ind\u00e9pendante de sa volont\u00e9 telle que, \u00e0 titre d&rsquo;exemple, fait du Prince, difficult\u00e9 ou rupture d&rsquo;approvisionnement de produits finis ou des mati\u00e8res premi\u00e8res.<br \/>\nBOIS BREVER ne sera jamais tenue de suppl\u00e9er les manques en faisant appel \u00e0 des sources d&rsquo;approvisionnement inhabituelles ou \u00e0 des fournisseurs tiers.<\/p>\n<h3>11. Garantie \/ Responsabilit\u00e9<\/h3>\n<p>BOIS BREVER garantit le client contre les vices cach\u00e9s de la marchandise livr\u00e9e, durant six mois \u00e0 partir de la livraison. Pour cette garantie aussi bien qu&rsquo;en g\u00e9n\u00e9ral, la responsabilit\u00e9 de BOIS BREVER sera limit\u00e9e au remplacement du produit ou au remboursement du prix factur\u00e9, \u00e0 l&rsquo;exclusion de toutes autres indemnit\u00e9s et dommages et int\u00e9r\u00eats. BOIS BREVER ne sera en aucun cas responsable pour des dommages indirects, y compris des dommages commerciaux tels que par exemple les frais de personnel, pr\u00e9judice \u00e0 la r\u00e9putation, fiabilit\u00e9 diminu\u00e9e, pertes de profit ou \u00e9conomiques, etc. Conform\u00e9ment \u00e0 l\u2019article 9 pr\u00e9cit\u00e9, des bois qui seraient la propri\u00e9t\u00e9 du client et qui seraient entrepos\u00e9s chez BOIS BREVER, que ce soit en vue d\u2019\u00eatre sci\u00e9s ou fa\u00e7onn\u00e9s ne sont pas assur\u00e9s et s\u2019y trouvent aux risques et sous la responsabilit\u00e9 des propri\u00e9taires.<\/p>\n<h3>12. R\u00e9serve de propri\u00e9t\u00e9<\/h3>\n<p>Le transfert de propri\u00e9t\u00e9 des marchandises livr\u00e9es est suspendu jusqu&rsquo;au paiement complet du prix.<br \/>\nLes risques sont \u00e0 charge de l\u2019acheteur.<br \/>\nNous sommes autoris\u00e9s \u00e0 tout moment \u00e0 r\u00e9clamer la restitution de la marchandise nous appartenant si le client ne remplit pas son obligation de paiement.<\/p>\n<h3>13. Lieu d\u2019ex\u00e9cution, l\u00e9gislation applicable et juridiction<\/h3>\n<p>Les ventes sont r\u00e9gies par le droit luxembourgeois.<br \/>\nLe lieu de l\u2019ex\u00e9cution des obligations r\u00e9sultant desdites ventes est celui du si\u00e8ge social de BOIS BREVER.<br \/>\nToutes contestations relatives \u00e0 l\u2019interpr\u00e9tation et \/ ou \u00e0 l\u2019ex\u00e9cution des contrats sont de la comp\u00e9tence exclusive des tribunaux de l\u2019arrondissement judiciaire de Diekirch, sinon de Luxembourg.<br \/>\nBOIS BREVER se r\u00e9serve cependant le droit de saisir le tribunal du domicile ou de la r\u00e9sidence du client.<\/p>\n","protected":false},"excerpt":{"rendered":"<p>1. Acceptation des conditions g\u00e9n\u00e9rales de vente Ces conditions r\u00e9gissent tout contrat de vente, conclu entre BOIS BREVER et ses clients, ainsi que toute offre de prix de la part de BOIS BREVER, sauf d\u00e9rogation expresse par \u00e9crit. Les catalogues, prospectus et r\u00e9clames publicitaires de BOIS BREVER sont indicatifs et n&rsquo;engagent pas l&rsquo;entreprise, celle-ci se [&hellip;]<\/p>\n","protected":false},"author":1,"featured_media":0,"parent":0,"menu_order":2,"comment_status":"closed","ping_status":"closed","template":"","meta":{"_acf_changed":false,"footnotes":""},"acf":[],"yoast_head":"<!-- This site is optimized with the Yoast SEO plugin v22.7 - https:\/\/yoast.com\/wordpress\/plugins\/seo\/ -->\n<title>Conditions g\u00e9n\u00e9rales de vente - BOIS BREVER S.A.<\/title>\n<meta name=\"robots\" content=\"index, follow, max-snippet:-1, max-image-preview:large, max-video-preview:-1\" \/>\n<link rel=\"canonical\" href=\"https:\/\/brever.lu\/fr\/conditions-general-de-vente\/\" \/>\n<meta property=\"og:locale\" content=\"fr_FR\" \/>\n<meta property=\"og:type\" content=\"article\" \/>\n<meta property=\"og:title\" content=\"Conditions g\u00e9n\u00e9rales de vente - BOIS BREVER S.A.\" \/>\n<meta property=\"og:description\" content=\"1. Acceptation des conditions g\u00e9n\u00e9rales de vente Ces conditions r\u00e9gissent tout contrat de vente, conclu entre BOIS BREVER et ses clients, ainsi que toute offre de prix de la part de BOIS BREVER, sauf d\u00e9rogation expresse par \u00e9crit. Les catalogues, prospectus et r\u00e9clames publicitaires de BOIS BREVER sont indicatifs et n&rsquo;engagent pas l&rsquo;entreprise, celle-ci se [&hellip;]\" \/>\n<meta property=\"og:url\" content=\"https:\/\/brever.lu\/fr\/conditions-general-de-vente\/\" \/>\n<meta property=\"og:site_name\" content=\"BOIS BREVER S.A.\" \/>\n<meta property=\"article:modified_time\" content=\"2021-06-02T07:11:06+00:00\" \/>\n<meta name=\"twitter:card\" content=\"summary_large_image\" \/>\n<meta name=\"twitter:label1\" content=\"Dur\u00e9e de lecture estim\u00e9e\" \/>\n\t<meta name=\"twitter:data1\" content=\"8 minutes\" \/>\n<script type=\"application\/ld+json\" class=\"yoast-schema-graph\">{\"@context\":\"https:\/\/schema.org\",\"@graph\":[{\"@type\":\"WebPage\",\"@id\":\"https:\/\/brever.lu\/fr\/conditions-general-de-vente\/\",\"url\":\"https:\/\/brever.lu\/fr\/conditions-general-de-vente\/\",\"name\":\"Conditions g\u00e9n\u00e9rales de vente - BOIS BREVER S.A.\",\"isPartOf\":{\"@id\":\"https:\/\/brever.lu\/#website\"},\"datePublished\":\"2021-05-31T10:15:40+00:00\",\"dateModified\":\"2021-06-02T07:11:06+00:00\",\"inLanguage\":\"fr-FR\",\"potentialAction\":[{\"@type\":\"ReadAction\",\"target\":[\"https:\/\/brever.lu\/fr\/conditions-general-de-vente\/\"]}]},{\"@type\":\"WebSite\",\"@id\":\"https:\/\/brever.lu\/#website\",\"url\":\"https:\/\/brever.lu\/\",\"name\":\"BOIS BREVER S.A.\",\"description\":\"Just another WordPress site\",\"potentialAction\":[{\"@type\":\"SearchAction\",\"target\":{\"@type\":\"EntryPoint\",\"urlTemplate\":\"https:\/\/brever.lu\/?s={search_term_string}\"},\"query-input\":\"required name=search_term_string\"}],\"inLanguage\":\"fr-FR\"}]}<\/script>\n<!-- \/ Yoast SEO plugin. -->","yoast_head_json":{"title":"Conditions g\u00e9n\u00e9rales de vente - BOIS BREVER S.A.","robots":{"index":"index","follow":"follow","max-snippet":"max-snippet:-1","max-image-preview":"max-image-preview:large","max-video-preview":"max-video-preview:-1"},"canonical":"https:\/\/brever.lu\/fr\/conditions-general-de-vente\/","og_locale":"fr_FR","og_type":"article","og_title":"Conditions g\u00e9n\u00e9rales de vente - BOIS BREVER S.A.","og_description":"1. Acceptation des conditions g\u00e9n\u00e9rales de vente Ces conditions r\u00e9gissent tout contrat de vente, conclu entre BOIS BREVER et ses clients, ainsi que toute offre de prix de la part de BOIS BREVER, sauf d\u00e9rogation expresse par \u00e9crit. Les catalogues, prospectus et r\u00e9clames publicitaires de BOIS BREVER sont indicatifs et n&rsquo;engagent pas l&rsquo;entreprise, celle-ci se [&hellip;]","og_url":"https:\/\/brever.lu\/fr\/conditions-general-de-vente\/","og_site_name":"BOIS BREVER S.A.","article_modified_time":"2021-06-02T07:11:06+00:00","twitter_card":"summary_large_image","twitter_misc":{"Dur\u00e9e de lecture estim\u00e9e":"8 minutes"},"schema":{"@context":"https:\/\/schema.org","@graph":[{"@type":"WebPage","@id":"https:\/\/brever.lu\/fr\/conditions-general-de-vente\/","url":"https:\/\/brever.lu\/fr\/conditions-general-de-vente\/","name":"Conditions g\u00e9n\u00e9rales de vente - BOIS BREVER S.A.","isPartOf":{"@id":"https:\/\/brever.lu\/#website"},"datePublished":"2021-05-31T10:15:40+00:00","dateModified":"2021-06-02T07:11:06+00:00","inLanguage":"fr-FR","potentialAction":[{"@type":"ReadAction","target":["https:\/\/brever.lu\/fr\/conditions-general-de-vente\/"]}]},{"@type":"WebSite","@id":"https:\/\/brever.lu\/#website","url":"https:\/\/brever.lu\/","name":"BOIS BREVER S.A.","description":"Just another WordPress site","potentialAction":[{"@type":"SearchAction","target":{"@type":"EntryPoint","urlTemplate":"https:\/\/brever.lu\/?s={search_term_string}"},"query-input":"required name=search_term_string"}],"inLanguage":"fr-FR"}]}},"_links":{"self":[{"href":"https:\/\/brever.lu\/fr\/wp-json\/wp\/v2\/pages\/1278"}],"collection":[{"href":"https:\/\/brever.lu\/fr\/wp-json\/wp\/v2\/pages"}],"about":[{"href":"https:\/\/brever.lu\/fr\/wp-json\/wp\/v2\/types\/page"}],"author":[{"embeddable":true,"href":"https:\/\/brever.lu\/fr\/wp-json\/wp\/v2\/users\/1"}],"replies":[{"embeddable":true,"href":"https:\/\/brever.lu\/fr\/wp-json\/wp\/v2\/comments?post=1278"}],"version-history":[{"count":0,"href":"https:\/\/brever.lu\/fr\/wp-json\/wp\/v2\/pages\/1278\/revisions"}],"wp:attachment":[{"href":"https:\/\/brever.lu\/fr\/wp-json\/wp\/v2\/media?parent=1278"}],"curies":[{"name":"wp","href":"https:\/\/api.w.org\/{rel}","templated":true}]}}